{"id":79,"date":"2022-06-12T14:02:36","date_gmt":"2022-06-12T14:02:36","guid":{"rendered":"https:\/\/ginaliebt.mur.at\/?page_id=79"},"modified":"2022-06-12T17:17:36","modified_gmt":"2022-06-12T17:17:36","slug":"das-heft","status":"publish","type":"page","link":"https:\/\/ginaliebt.mur.at\/index.php\/das-heft\/","title":{"rendered":"GINA liebt! &#8211; HEFT"},"content":{"rendered":"\n<p>&#8230;. eine kollektive Liebesgeschichte<\/p>\n\n\n\n<figure class=\"wp-block-gallery has-nested-images columns-default is-cropped wp-block-gallery-1 is-layout-flex wp-block-gallery-is-layout-flex\">\n<figure class=\"wp-block-image size-large\"><img loading=\"lazy\" decoding=\"async\" width=\"1024\" height=\"682\" data-id=\"72\" src=\"http:\/\/ginaliebt.mur.at\/wp-content\/uploads\/2022\/06\/image-1024x682.jpg\" alt=\"\" class=\"wp-image-72\" srcset=\"https:\/\/ginaliebt.mur.at\/wp-content\/uploads\/2022\/06\/image-1024x682.jpg 1024w, https:\/\/ginaliebt.mur.at\/wp-content\/uploads\/2022\/06\/image-300x200.jpg 300w, https:\/\/ginaliebt.mur.at\/wp-content\/uploads\/2022\/06\/image-768x512.jpg 768w, https:\/\/ginaliebt.mur.at\/wp-content\/uploads\/2022\/06\/image-1536x1024.jpg 1536w, https:\/\/ginaliebt.mur.at\/wp-content\/uploads\/2022\/06\/image.jpg 2000w\" sizes=\"auto, (max-width: 1024px) 100vw, 1024px\" \/><figcaption>FOTO:(C) nicole pruckermayr<\/figcaption><\/figure>\n\n\n\n<figure class=\"wp-block-image size-large\"><img loading=\"lazy\" decoding=\"async\" width=\"682\" height=\"1024\" data-id=\"67\" src=\"https:\/\/ginaliebt.mur.at\/wp-content\/uploads\/2022\/06\/ginaliebt-28-682x1024.jpg\" alt=\"\" class=\"wp-image-67\" srcset=\"https:\/\/ginaliebt.mur.at\/wp-content\/uploads\/2022\/06\/ginaliebt-28-682x1024.jpg 682w, https:\/\/ginaliebt.mur.at\/wp-content\/uploads\/2022\/06\/ginaliebt-28-200x300.jpg 200w, https:\/\/ginaliebt.mur.at\/wp-content\/uploads\/2022\/06\/ginaliebt-28-768x1152.jpg 768w, https:\/\/ginaliebt.mur.at\/wp-content\/uploads\/2022\/06\/ginaliebt-28-1024x1536.jpg 1024w, https:\/\/ginaliebt.mur.at\/wp-content\/uploads\/2022\/06\/ginaliebt-28.jpg 1333w\" sizes=\"auto, (max-width: 682px) 100vw, 682px\" \/><figcaption>weitere FOTOS: (C) Raphael Daum<\/figcaption><\/figure>\n\n\n\n<figure class=\"wp-block-image size-large\"><img loading=\"lazy\" decoding=\"async\" width=\"1024\" height=\"682\" data-id=\"71\" src=\"https:\/\/ginaliebt.mur.at\/wp-content\/uploads\/2022\/06\/ginaliebt-33-1024x682.jpg\" alt=\"\" class=\"wp-image-71\" srcset=\"https:\/\/ginaliebt.mur.at\/wp-content\/uploads\/2022\/06\/ginaliebt-33-1024x682.jpg 1024w, https:\/\/ginaliebt.mur.at\/wp-content\/uploads\/2022\/06\/ginaliebt-33-300x200.jpg 300w, https:\/\/ginaliebt.mur.at\/wp-content\/uploads\/2022\/06\/ginaliebt-33-768x512.jpg 768w, https:\/\/ginaliebt.mur.at\/wp-content\/uploads\/2022\/06\/ginaliebt-33-1536x1024.jpg 1536w, https:\/\/ginaliebt.mur.at\/wp-content\/uploads\/2022\/06\/ginaliebt-33.jpg 2000w\" sizes=\"auto, (max-width: 1024px) 100vw, 1024px\" \/><\/figure>\n<\/figure>\n\n\n\n<p><strong>Ein Fanzine, eine kollektive Liebesgeschichte in Reininghaus.<\/strong><\/p>\n\n\n\n<p>Der erste Teil ist ein gezeichneter Foto-Roman \u2013 eine kollektive Liebesgeschichte verfasst aufgrund von Gespr\u00e4chen gemeinsam mit den Menschen, die in Reininghaus und anderswo leben. Inspiriert von der gro\u00dfen Liebe zwischen Gina Agujari (1879-1961), Geschiedene von Reininghaus und Franz Conrad von H\u00f6tzendorf (Conrad von H\u00f6tzendorf war Generalstabchef der k. u. k.-Monarchie \u2013 und war wesentlich f\u00fcr den Weg in den Ersten Weltkrieg, die brutale Kriegsf\u00fchrung und \u00dcbergriffe gegen\u00fcber Zivilist:innen mitverantwortlich.) wured eine abstrakte Geschichte bestehend aus vielen Wahrheiten erz\u00e4hlt. Die Methodik des stream of consciousness gibt die M\u00f6glichkeit viele Wahrheiten ineinander verweben zu lassen. Mehrere Erz\u00e4hlf\u00e4den werden zu einem vielschichtigen abstrakten Gewebe \u00fcber die Liebe. Einerseits gibt es einen losen Erz\u00e4hlfaden. Andererseits wurden die neu hinzugezogenen Menschen gebeten ebenso kurze Erz\u00e4hlungen \u00fcber ihre Lieben nieder zu schreiben. Diese kurzen Texte wurden anonym abgegeben oder innerhalb eines Workshops verfasst. Zeichnungen und Fotos wurden ebenso verwendet und eingebaut.<\/p>\n\n\n\n<p>Teile dieser Geschichten sind Teil der Erz\u00e4hlung von \u201cGINA liebt!\u201d. Die Menschen, die in Reininghaus leben, haben sich auf das Neue eingelassen und definieren diesen Ort. Sie sind Pioniere und Pionierinnen. Sie schreiben eine gemeinsame Geschichte.<\/p>\n\n\n\n<p>Zeichnungen und Fotos dokumentieren und fokussieren die sich ver\u00e4ndernde Wirklichkeit. Die Erz\u00e4hlung ist abstrakt, sie bearbeitet das Jetzt, tr\u00e4gt aber auch die Vergangenheit in sich.<\/p>\n\n\n\n<p><br><strong>KONZEPT\/ FOTOS\/TEXT\/PROJEKTLEITUNG<\/strong>: nicole pruckermayr<br><strong>ZEICHNUNGEN\/FOTOS\/GESTALTUNG:<\/strong> Johanna Regger<br><strong>LEKTORAT:<\/strong> Karin Buol<br><strong>DRUCK: <\/strong>Risograd mit nicole pruckermayr<\/p>\n\n\n\n<figure class=\"wp-block-gallery has-nested-images columns-default is-cropped wp-block-gallery-2 is-layout-flex wp-block-gallery-is-layout-flex\">\n<figure class=\"wp-block-image size-large\"><img loading=\"lazy\" decoding=\"async\" width=\"795\" height=\"1024\" data-id=\"184\" src=\"https:\/\/ginaliebt.mur.at\/wp-content\/uploads\/2022\/06\/20220122_161717-795x1024.jpg\" alt=\"\" class=\"wp-image-184\" srcset=\"https:\/\/ginaliebt.mur.at\/wp-content\/uploads\/2022\/06\/20220122_161717-795x1024.jpg 795w, https:\/\/ginaliebt.mur.at\/wp-content\/uploads\/2022\/06\/20220122_161717-233x300.jpg 233w, https:\/\/ginaliebt.mur.at\/wp-content\/uploads\/2022\/06\/20220122_161717-768x989.jpg 768w, https:\/\/ginaliebt.mur.at\/wp-content\/uploads\/2022\/06\/20220122_161717-1192x1536.jpg 1192w, https:\/\/ginaliebt.mur.at\/wp-content\/uploads\/2022\/06\/20220122_161717-1590x2048.jpg 1590w, https:\/\/ginaliebt.mur.at\/wp-content\/uploads\/2022\/06\/20220122_161717-scaled.jpg 1987w\" sizes=\"auto, (max-width: 795px) 100vw, 795px\" \/><\/figure>\n\n\n\n<figure class=\"wp-block-image size-large\"><img loading=\"lazy\" decoding=\"async\" width=\"768\" height=\"1024\" data-id=\"188\" src=\"https:\/\/ginaliebt.mur.at\/wp-content\/uploads\/2022\/06\/20220129_120324-768x1024.jpg\" alt=\"\" class=\"wp-image-188\" srcset=\"https:\/\/ginaliebt.mur.at\/wp-content\/uploads\/2022\/06\/20220129_120324-768x1024.jpg 768w, https:\/\/ginaliebt.mur.at\/wp-content\/uploads\/2022\/06\/20220129_120324-225x300.jpg 225w, https:\/\/ginaliebt.mur.at\/wp-content\/uploads\/2022\/06\/20220129_120324-1152x1536.jpg 1152w, https:\/\/ginaliebt.mur.at\/wp-content\/uploads\/2022\/06\/20220129_120324-1536x2048.jpg 1536w, https:\/\/ginaliebt.mur.at\/wp-content\/uploads\/2022\/06\/20220129_120324-scaled.jpg 1920w\" sizes=\"auto, (max-width: 768px) 100vw, 768px\" \/><\/figure>\n\n\n\n<figure class=\"wp-block-image size-large\"><img loading=\"lazy\" decoding=\"async\" width=\"1024\" height=\"768\" data-id=\"187\" src=\"https:\/\/ginaliebt.mur.at\/wp-content\/uploads\/2022\/06\/20220129_124152-1024x768.jpg\" alt=\"\" class=\"wp-image-187\" srcset=\"https:\/\/ginaliebt.mur.at\/wp-content\/uploads\/2022\/06\/20220129_124152-1024x768.jpg 1024w, https:\/\/ginaliebt.mur.at\/wp-content\/uploads\/2022\/06\/20220129_124152-300x225.jpg 300w, https:\/\/ginaliebt.mur.at\/wp-content\/uploads\/2022\/06\/20220129_124152-768x576.jpg 768w, https:\/\/ginaliebt.mur.at\/wp-content\/uploads\/2022\/06\/20220129_124152-1536x1152.jpg 1536w, https:\/\/ginaliebt.mur.at\/wp-content\/uploads\/2022\/06\/20220129_124152-2048x1536.jpg 2048w\" sizes=\"auto, (max-width: 1024px) 100vw, 1024px\" \/><\/figure>\n\n\n\n<figure class=\"wp-block-image size-large\"><img loading=\"lazy\" decoding=\"async\" width=\"673\" height=\"1024\" data-id=\"185\" src=\"https:\/\/ginaliebt.mur.at\/wp-content\/uploads\/2022\/06\/20220129_135609-673x1024.jpg\" alt=\"\" class=\"wp-image-185\" srcset=\"https:\/\/ginaliebt.mur.at\/wp-content\/uploads\/2022\/06\/20220129_135609-673x1024.jpg 673w, https:\/\/ginaliebt.mur.at\/wp-content\/uploads\/2022\/06\/20220129_135609-197x300.jpg 197w, https:\/\/ginaliebt.mur.at\/wp-content\/uploads\/2022\/06\/20220129_135609-768x1169.jpg 768w, https:\/\/ginaliebt.mur.at\/wp-content\/uploads\/2022\/06\/20220129_135609-1009x1536.jpg 1009w, https:\/\/ginaliebt.mur.at\/wp-content\/uploads\/2022\/06\/20220129_135609-1346x2048.jpg 1346w, https:\/\/ginaliebt.mur.at\/wp-content\/uploads\/2022\/06\/20220129_135609-scaled.jpg 1682w\" sizes=\"auto, (max-width: 673px) 100vw, 673px\" \/><\/figure>\n\n\n\n<figure class=\"wp-block-image size-large\"><img loading=\"lazy\" decoding=\"async\" width=\"1024\" height=\"768\" data-id=\"186\" src=\"https:\/\/ginaliebt.mur.at\/wp-content\/uploads\/2022\/06\/20220129_155614-1024x768.jpg\" alt=\"\" class=\"wp-image-186\" srcset=\"https:\/\/ginaliebt.mur.at\/wp-content\/uploads\/2022\/06\/20220129_155614-1024x768.jpg 1024w, https:\/\/ginaliebt.mur.at\/wp-content\/uploads\/2022\/06\/20220129_155614-300x225.jpg 300w, https:\/\/ginaliebt.mur.at\/wp-content\/uploads\/2022\/06\/20220129_155614-768x576.jpg 768w, https:\/\/ginaliebt.mur.at\/wp-content\/uploads\/2022\/06\/20220129_155614-1536x1152.jpg 1536w, https:\/\/ginaliebt.mur.at\/wp-content\/uploads\/2022\/06\/20220129_155614-2048x1536.jpg 2048w\" sizes=\"auto, (max-width: 1024px) 100vw, 1024px\" \/><\/figure>\n<\/figure>\n\n\n\n<p class=\"has-small-font-size\">FOTOS: (C) nicole pruckermayr<\/p>\n\n\n\n<p class=\"has-small-font-size\"><\/p>\n\n\n\n<p><strong>AUFLAGE: <\/strong>450 St\u00fcck. Exemplare erh\u00e4ltlich unter frieden@mur.at<\/p>\n\n\n\n<p><strong>Graz, 2021\/22<\/strong><\/p>\n\n\n\n<p><strong>FINANZIERT DURCH:<\/strong> F.ACT \u2013 im Rahmen der mehrteiligen Reihe \u201cCITY|HOSPITAL\u201d<\/p>\n\n\n\n<p><strong>DANK AN:<\/strong> Ana Jeinic, Johanna Regger, Julia Wurzinger, Hanna Stein, Risograd, Wolfgang Khil, Druckerei Khil<\/p>\n","protected":false},"excerpt":{"rendered":"<p>&#8230;. eine kollektive Liebesgeschichte Ein Fanzine, eine kollektive Liebesgeschichte in Reininghaus. Der erste Teil ist ein gezeichneter Foto-Roman \u2013 eine kollektive Liebesgeschichte verfasst aufgrund von Gespr\u00e4chen gemeinsam mit den Menschen,&hellip;<\/p>\n","protected":false},"author":1,"featured_media":0,"parent":0,"menu_order":0,"comment_status":"closed","ping_status":"closed","template":"","meta":{"footnotes":""},"class_list":["post-79","page","type-page","status-publish","hentry"],"_links":{"self":[{"href":"https:\/\/ginaliebt.mur.at\/index.php\/wp-json\/wp\/v2\/pages\/79","targetHints":{"allow":["GET"]}}],"collection":[{"href":"https:\/\/ginaliebt.mur.at\/index.php\/wp-json\/wp\/v2\/pages"}],"about":[{"href":"https:\/\/ginaliebt.mur.at\/index.php\/wp-json\/wp\/v2\/types\/page"}],"author":[{"embeddable":true,"href":"https:\/\/ginaliebt.mur.at\/index.php\/wp-json\/wp\/v2\/users\/1"}],"replies":[{"embeddable":true,"href":"https:\/\/ginaliebt.mur.at\/index.php\/wp-json\/wp\/v2\/comments?post=79"}],"version-history":[{"count":5,"href":"https:\/\/ginaliebt.mur.at\/index.php\/wp-json\/wp\/v2\/pages\/79\/revisions"}],"predecessor-version":[{"id":210,"href":"https:\/\/ginaliebt.mur.at\/index.php\/wp-json\/wp\/v2\/pages\/79\/revisions\/210"}],"wp:attachment":[{"href":"https:\/\/ginaliebt.mur.at\/index.php\/wp-json\/wp\/v2\/media?parent=79"}],"curies":[{"name":"wp","href":"https:\/\/api.w.org\/{rel}","templated":true}]}}