{"id":173,"date":"2022-06-12T17:05:34","date_gmt":"2022-06-12T17:05:34","guid":{"rendered":"https:\/\/ginaliebt.mur.at\/?page_id=173"},"modified":"2025-06-15T08:25:18","modified_gmt":"2025-06-15T08:25:18","slug":"herz-teppich","status":"publish","type":"page","link":"https:\/\/ginaliebt.mur.at\/index.php\/herz-teppich\/","title":{"rendered":"DER HERZ-TEPPICH"},"content":{"rendered":"\n<p>von nicole pruckermayr realisiert von 2022-2024 an der S\u00fcdfassade der Tennenm\u00e4lzerei in Graz. Ab 2025 rutscht das Herz um die Ecke auf die Westfassade &#8230;<\/p>\n\n\n\n<figure class=\"wp-block-image size-large is-resized\"><img loading=\"lazy\" decoding=\"async\" width=\"1024\" height=\"683\" src=\"https:\/\/ginaliebt.mur.at\/wp-content\/uploads\/2022\/06\/ginaliebt_003_W-1024x683.jpg\" alt=\"\" class=\"wp-image-195\" style=\"width:1099px\" srcset=\"https:\/\/ginaliebt.mur.at\/wp-content\/uploads\/2022\/06\/ginaliebt_003_W-1024x683.jpg 1024w, https:\/\/ginaliebt.mur.at\/wp-content\/uploads\/2022\/06\/ginaliebt_003_W-300x200.jpg 300w, https:\/\/ginaliebt.mur.at\/wp-content\/uploads\/2022\/06\/ginaliebt_003_W-768x512.jpg 768w, https:\/\/ginaliebt.mur.at\/wp-content\/uploads\/2022\/06\/ginaliebt_003_W-1536x1025.jpg 1536w, https:\/\/ginaliebt.mur.at\/wp-content\/uploads\/2022\/06\/ginaliebt_003_W.jpg 2000w\" sizes=\"auto, (max-width: 1024px) 100vw, 1024px\" \/><\/figure>\n\n\n\n<p class=\"has-small-font-size\">FOTO: (C) nicole pruckermayr<\/p>\n\n\n\n<p>Eine gro\u00dfe dreidimensionale Liebeserkl\u00e4rung \u2013 ein \u00fcberdimensionales, mehrdimensionales Graffiti wird an der Wand der Tennenm\u00e4lzerei befestigt. In Anlehnung an Fassaden-Sgraffiti von Kunst am Bau-Arbeiten, die mehrdimensional wie Broschen auf W\u00e4nden zu finden sind, wird die Tennem\u00e4lzerei als das kulturelle Herzst\u00fcck des neuen Stadtteiles tempor\u00e4r mit einem K\u00f6rper best\u00fcckt. Ein \u00fcberdimensionaler \u201cTeppich\u201d wird auf das Dach geworfen \u2013 leicht verzogen, asymmetrisch, hingeworfen eben.<\/p>\n\n\n\n<p>Die Schrift, ebenfalls bestehend aus Cellulosekn\u00fcfungen, wird in Anlehnungen an unz\u00e4hlige T\u00e4towierungen auf Menschenhaut in schwarz geschrieben.<\/p>\n\n\n\n<p>Die Herzform ist asymmetrisch, ausgefranzt. Das Herz wird gekn\u00fcpft \u2013 im besten Fall ebenso mit interessierten Bewohner:innen. Ein gemeinsames Herz.<\/p>\n\n\n\n<p>Wen GINA liebt ist dabei irrelevant. Sie liebt und schreibt es gro\u00df und klein auf. Sie kritzelt es nieder, wo auch immer sie kann. GINA steht als Pseudonym f\u00fcr die Pionier:innen der Stadt.<\/p>\n\n\n\n<p>Ich habe mit ca 200 Personen gemeinsam ein 6,5\/7m gro\u00dfes Herz gekn\u00fcpft. 60.000 Knoten.<\/p>\n\n\n\n<p>60.000 Verbindungen, Verflechtungen, Ber\u00fchrungen. Verwobenheiten.<\/p>\n\n\n\n<p>Dort oben h\u00e4ngt ein Herz! Unser Herz! Wie lange wird es halten? Es ist nicht wichtig. Jetzt h\u00e4ngt es.<\/p>\n\n\n\n<p>Seit 2025 h\u00e4ngt das Herz wieder auf der Tennenm\u00e4lzerei, auf der Westfassade.<\/p>\n\n\n\n<div class=\"wp-block-columns is-layout-flex wp-container-core-columns-is-layout-9d6595d7 wp-block-columns-is-layout-flex\">\n<div class=\"wp-block-column is-layout-flow wp-block-column-is-layout-flow\" style=\"flex-basis:100%\">\n<figure class=\"wp-block-image size-large\"><img loading=\"lazy\" decoding=\"async\" width=\"732\" height=\"1024\" src=\"https:\/\/ginaliebt.mur.at\/wp-content\/uploads\/2025\/05\/20250430-Pruckermayr-GINA-Zachariadis-6353-2-SCREEN-732x1024.jpg\" alt=\"\" class=\"wp-image-279\" srcset=\"https:\/\/ginaliebt.mur.at\/wp-content\/uploads\/2025\/05\/20250430-Pruckermayr-GINA-Zachariadis-6353-2-SCREEN-732x1024.jpg 732w, https:\/\/ginaliebt.mur.at\/wp-content\/uploads\/2025\/05\/20250430-Pruckermayr-GINA-Zachariadis-6353-2-SCREEN-214x300.jpg 214w, https:\/\/ginaliebt.mur.at\/wp-content\/uploads\/2025\/05\/20250430-Pruckermayr-GINA-Zachariadis-6353-2-SCREEN-768x1075.jpg 768w, https:\/\/ginaliebt.mur.at\/wp-content\/uploads\/2025\/05\/20250430-Pruckermayr-GINA-Zachariadis-6353-2-SCREEN-1097x1536.jpg 1097w, https:\/\/ginaliebt.mur.at\/wp-content\/uploads\/2025\/05\/20250430-Pruckermayr-GINA-Zachariadis-6353-2-SCREEN.jpg 1429w\" sizes=\"auto, (max-width: 732px) 100vw, 732px\" \/><\/figure>\n<\/div>\n<\/div>\n\n\n\n<figure class=\"wp-block-image size-large\"><img loading=\"lazy\" decoding=\"async\" width=\"732\" height=\"1024\" src=\"https:\/\/ginaliebt.mur.at\/wp-content\/uploads\/2025\/05\/20250430-Pruckermayr-GINA-Zachariadis-6373-SCREEN-732x1024.jpg\" alt=\"\" class=\"wp-image-281\" srcset=\"https:\/\/ginaliebt.mur.at\/wp-content\/uploads\/2025\/05\/20250430-Pruckermayr-GINA-Zachariadis-6373-SCREEN-732x1024.jpg 732w, https:\/\/ginaliebt.mur.at\/wp-content\/uploads\/2025\/05\/20250430-Pruckermayr-GINA-Zachariadis-6373-SCREEN-214x300.jpg 214w, https:\/\/ginaliebt.mur.at\/wp-content\/uploads\/2025\/05\/20250430-Pruckermayr-GINA-Zachariadis-6373-SCREEN-768x1075.jpg 768w, https:\/\/ginaliebt.mur.at\/wp-content\/uploads\/2025\/05\/20250430-Pruckermayr-GINA-Zachariadis-6373-SCREEN-1097x1536.jpg 1097w, https:\/\/ginaliebt.mur.at\/wp-content\/uploads\/2025\/05\/20250430-Pruckermayr-GINA-Zachariadis-6373-SCREEN.jpg 1429w\" sizes=\"auto, (max-width: 732px) 100vw, 732px\" \/><\/figure>\n\n\n\n<figure class=\"wp-block-image size-large\"><img loading=\"lazy\" decoding=\"async\" width=\"732\" height=\"1024\" src=\"https:\/\/ginaliebt.mur.at\/wp-content\/uploads\/2025\/05\/20250430-Pruckermayr-GINA-Zachariadis-6384-SCREEN-732x1024.jpg\" alt=\"\" class=\"wp-image-283\" srcset=\"https:\/\/ginaliebt.mur.at\/wp-content\/uploads\/2025\/05\/20250430-Pruckermayr-GINA-Zachariadis-6384-SCREEN-732x1024.jpg 732w, https:\/\/ginaliebt.mur.at\/wp-content\/uploads\/2025\/05\/20250430-Pruckermayr-GINA-Zachariadis-6384-SCREEN-214x300.jpg 214w, https:\/\/ginaliebt.mur.at\/wp-content\/uploads\/2025\/05\/20250430-Pruckermayr-GINA-Zachariadis-6384-SCREEN-768x1075.jpg 768w, https:\/\/ginaliebt.mur.at\/wp-content\/uploads\/2025\/05\/20250430-Pruckermayr-GINA-Zachariadis-6384-SCREEN-1097x1536.jpg 1097w, https:\/\/ginaliebt.mur.at\/wp-content\/uploads\/2025\/05\/20250430-Pruckermayr-GINA-Zachariadis-6384-SCREEN.jpg 1429w\" sizes=\"auto, (max-width: 732px) 100vw, 732px\" \/><\/figure>\n\n\n\n<figure class=\"wp-block-image size-large\"><img loading=\"lazy\" decoding=\"async\" width=\"732\" height=\"1024\" src=\"https:\/\/ginaliebt.mur.at\/wp-content\/uploads\/2025\/05\/20250430-Pruckermayr-GINA-Zachariadis-6373-SCREEN-1-732x1024.jpg\" alt=\"\" class=\"wp-image-284\" srcset=\"https:\/\/ginaliebt.mur.at\/wp-content\/uploads\/2025\/05\/20250430-Pruckermayr-GINA-Zachariadis-6373-SCREEN-1-732x1024.jpg 732w, https:\/\/ginaliebt.mur.at\/wp-content\/uploads\/2025\/05\/20250430-Pruckermayr-GINA-Zachariadis-6373-SCREEN-1-214x300.jpg 214w, https:\/\/ginaliebt.mur.at\/wp-content\/uploads\/2025\/05\/20250430-Pruckermayr-GINA-Zachariadis-6373-SCREEN-1-768x1075.jpg 768w, https:\/\/ginaliebt.mur.at\/wp-content\/uploads\/2025\/05\/20250430-Pruckermayr-GINA-Zachariadis-6373-SCREEN-1-1097x1536.jpg 1097w, https:\/\/ginaliebt.mur.at\/wp-content\/uploads\/2025\/05\/20250430-Pruckermayr-GINA-Zachariadis-6373-SCREEN-1.jpg 1429w\" sizes=\"auto, (max-width: 732px) 100vw, 732px\" \/><\/figure>\n\n\n\n<p>Foto: (C) Nikolaos Zachariadis<\/p>\n\n\n\n<p><strong>Die Montage an der S\u00fcdfassade 2022<\/strong><\/p>\n\n\n\n<figure class=\"wp-block-gallery has-nested-images columns-default is-cropped wp-block-gallery-1 is-layout-flex wp-block-gallery-is-layout-flex\">\n<figure class=\"wp-block-image size-large\"><img loading=\"lazy\" decoding=\"async\" width=\"1024\" height=\"682\" data-id=\"175\" src=\"https:\/\/ginaliebt.mur.at\/wp-content\/uploads\/2022\/06\/ginaliebtmontage_003-1024x682.jpg\" alt=\"\" class=\"wp-image-175\" srcset=\"https:\/\/ginaliebt.mur.at\/wp-content\/uploads\/2022\/06\/ginaliebtmontage_003-1024x682.jpg 1024w, https:\/\/ginaliebt.mur.at\/wp-content\/uploads\/2022\/06\/ginaliebtmontage_003-300x200.jpg 300w, https:\/\/ginaliebt.mur.at\/wp-content\/uploads\/2022\/06\/ginaliebtmontage_003-768x512.jpg 768w, https:\/\/ginaliebt.mur.at\/wp-content\/uploads\/2022\/06\/ginaliebtmontage_003-1536x1024.jpg 1536w, https:\/\/ginaliebt.mur.at\/wp-content\/uploads\/2022\/06\/ginaliebtmontage_003.jpg 2000w\" sizes=\"auto, (max-width: 1024px) 100vw, 1024px\" \/><\/figure>\n\n\n\n<figure class=\"wp-block-image size-large\"><img loading=\"lazy\" decoding=\"async\" width=\"1024\" height=\"682\" data-id=\"178\" src=\"https:\/\/ginaliebt.mur.at\/wp-content\/uploads\/2022\/06\/ginaliebtmontage_004-1024x682.jpg\" alt=\"\" class=\"wp-image-178\" srcset=\"https:\/\/ginaliebt.mur.at\/wp-content\/uploads\/2022\/06\/ginaliebtmontage_004-1024x682.jpg 1024w, https:\/\/ginaliebt.mur.at\/wp-content\/uploads\/2022\/06\/ginaliebtmontage_004-300x200.jpg 300w, https:\/\/ginaliebt.mur.at\/wp-content\/uploads\/2022\/06\/ginaliebtmontage_004-768x512.jpg 768w, https:\/\/ginaliebt.mur.at\/wp-content\/uploads\/2022\/06\/ginaliebtmontage_004-1536x1024.jpg 1536w, https:\/\/ginaliebt.mur.at\/wp-content\/uploads\/2022\/06\/ginaliebtmontage_004.jpg 2000w\" sizes=\"auto, (max-width: 1024px) 100vw, 1024px\" \/><\/figure>\n\n\n\n<figure class=\"wp-block-image size-large\"><img loading=\"lazy\" decoding=\"async\" width=\"1024\" height=\"682\" data-id=\"174\" src=\"https:\/\/ginaliebt.mur.at\/wp-content\/uploads\/2022\/06\/ginaliebtmontage_006-1-1024x682.jpg\" alt=\"\" class=\"wp-image-174\" srcset=\"https:\/\/ginaliebt.mur.at\/wp-content\/uploads\/2022\/06\/ginaliebtmontage_006-1-1024x682.jpg 1024w, https:\/\/ginaliebt.mur.at\/wp-content\/uploads\/2022\/06\/ginaliebtmontage_006-1-300x200.jpg 300w, https:\/\/ginaliebt.mur.at\/wp-content\/uploads\/2022\/06\/ginaliebtmontage_006-1-768x512.jpg 768w, https:\/\/ginaliebt.mur.at\/wp-content\/uploads\/2022\/06\/ginaliebtmontage_006-1-1536x1024.jpg 1536w, https:\/\/ginaliebt.mur.at\/wp-content\/uploads\/2022\/06\/ginaliebtmontage_006-1.jpg 2000w\" sizes=\"auto, (max-width: 1024px) 100vw, 1024px\" \/><\/figure>\n\n\n\n<figure class=\"wp-block-image size-large\"><img loading=\"lazy\" decoding=\"async\" width=\"1024\" height=\"682\" data-id=\"177\" src=\"https:\/\/ginaliebt.mur.at\/wp-content\/uploads\/2022\/06\/ginaliebtmontage_007-1024x682.jpg\" alt=\"\" class=\"wp-image-177\" srcset=\"https:\/\/ginaliebt.mur.at\/wp-content\/uploads\/2022\/06\/ginaliebtmontage_007-1024x682.jpg 1024w, https:\/\/ginaliebt.mur.at\/wp-content\/uploads\/2022\/06\/ginaliebtmontage_007-300x200.jpg 300w, https:\/\/ginaliebt.mur.at\/wp-content\/uploads\/2022\/06\/ginaliebtmontage_007-768x512.jpg 768w, https:\/\/ginaliebt.mur.at\/wp-content\/uploads\/2022\/06\/ginaliebtmontage_007-1536x1024.jpg 1536w, https:\/\/ginaliebt.mur.at\/wp-content\/uploads\/2022\/06\/ginaliebtmontage_007.jpg 2000w\" sizes=\"auto, (max-width: 1024px) 100vw, 1024px\" \/><\/figure>\n\n\n\n<figure class=\"wp-block-image size-large\"><img loading=\"lazy\" decoding=\"async\" width=\"682\" height=\"1024\" data-id=\"180\" src=\"https:\/\/ginaliebt.mur.at\/wp-content\/uploads\/2022\/06\/ginaliebtmontage_008-682x1024.jpg\" alt=\"\" class=\"wp-image-180\" srcset=\"https:\/\/ginaliebt.mur.at\/wp-content\/uploads\/2022\/06\/ginaliebtmontage_008-682x1024.jpg 682w, https:\/\/ginaliebt.mur.at\/wp-content\/uploads\/2022\/06\/ginaliebtmontage_008-200x300.jpg 200w, https:\/\/ginaliebt.mur.at\/wp-content\/uploads\/2022\/06\/ginaliebtmontage_008-768x1152.jpg 768w, https:\/\/ginaliebt.mur.at\/wp-content\/uploads\/2022\/06\/ginaliebtmontage_008-1024x1536.jpg 1024w, https:\/\/ginaliebt.mur.at\/wp-content\/uploads\/2022\/06\/ginaliebtmontage_008.jpg 1333w\" sizes=\"auto, (max-width: 682px) 100vw, 682px\" \/><\/figure>\n\n\n\n<figure class=\"wp-block-image size-large\"><img loading=\"lazy\" decoding=\"async\" width=\"1024\" height=\"682\" data-id=\"179\" src=\"https:\/\/ginaliebt.mur.at\/wp-content\/uploads\/2022\/06\/ginaliebtmontage_009-1024x682.jpg\" alt=\"\" class=\"wp-image-179\" srcset=\"https:\/\/ginaliebt.mur.at\/wp-content\/uploads\/2022\/06\/ginaliebtmontage_009-1024x682.jpg 1024w, https:\/\/ginaliebt.mur.at\/wp-content\/uploads\/2022\/06\/ginaliebtmontage_009-300x200.jpg 300w, https:\/\/ginaliebt.mur.at\/wp-content\/uploads\/2022\/06\/ginaliebtmontage_009-768x512.jpg 768w, https:\/\/ginaliebt.mur.at\/wp-content\/uploads\/2022\/06\/ginaliebtmontage_009-1536x1024.jpg 1536w, https:\/\/ginaliebt.mur.at\/wp-content\/uploads\/2022\/06\/ginaliebtmontage_009.jpg 2000w\" sizes=\"auto, (max-width: 1024px) 100vw, 1024px\" \/><\/figure>\n\n\n\n<figure class=\"wp-block-image size-large\"><img loading=\"lazy\" decoding=\"async\" width=\"1024\" height=\"682\" data-id=\"181\" src=\"https:\/\/ginaliebt.mur.at\/wp-content\/uploads\/2022\/06\/ginaliebtmontage_010-1024x682.jpg\" alt=\"\" class=\"wp-image-181\" srcset=\"https:\/\/ginaliebt.mur.at\/wp-content\/uploads\/2022\/06\/ginaliebtmontage_010-1024x682.jpg 1024w, https:\/\/ginaliebt.mur.at\/wp-content\/uploads\/2022\/06\/ginaliebtmontage_010-300x200.jpg 300w, https:\/\/ginaliebt.mur.at\/wp-content\/uploads\/2022\/06\/ginaliebtmontage_010-768x512.jpg 768w, https:\/\/ginaliebt.mur.at\/wp-content\/uploads\/2022\/06\/ginaliebtmontage_010-1536x1024.jpg 1536w, https:\/\/ginaliebt.mur.at\/wp-content\/uploads\/2022\/06\/ginaliebtmontage_010.jpg 2000w\" sizes=\"auto, (max-width: 1024px) 100vw, 1024px\" \/><\/figure>\n<\/figure>\n\n\n\n<p>FOTOS: (C) Raphael Daum<\/p>\n\n\n\n<figure class=\"wp-block-image size-large is-resized\"><img loading=\"lazy\" decoding=\"async\" width=\"1024\" height=\"683\" src=\"https:\/\/ginaliebt.mur.at\/wp-content\/uploads\/2022\/06\/ginaliebt_008_W-1-1024x683.jpg\" alt=\"\" class=\"wp-image-248\" style=\"width:1099px\" srcset=\"https:\/\/ginaliebt.mur.at\/wp-content\/uploads\/2022\/06\/ginaliebt_008_W-1-1024x683.jpg 1024w, https:\/\/ginaliebt.mur.at\/wp-content\/uploads\/2022\/06\/ginaliebt_008_W-1-300x200.jpg 300w, https:\/\/ginaliebt.mur.at\/wp-content\/uploads\/2022\/06\/ginaliebt_008_W-1-768x512.jpg 768w, https:\/\/ginaliebt.mur.at\/wp-content\/uploads\/2022\/06\/ginaliebt_008_W-1-1536x1025.jpg 1536w, https:\/\/ginaliebt.mur.at\/wp-content\/uploads\/2022\/06\/ginaliebt_008_W-1.jpg 2000w\" sizes=\"auto, (max-width: 1024px) 100vw, 1024px\" \/><\/figure>\n\n\n\n<p>FOTO:(C) nicole pruckermayr<\/p>\n\n\n\n<p><\/p>\n\n\n\n<p><strong>Die Er\u00f6ffnung &#8211; PARKPLATZPARTY<\/strong><\/p>\n\n\n\n<p>Dienstag, 24. Mai 2022, 18 Uhr<br>Tennenm\u00e4lzerei<br>Gru\u00dfworte zur Er\u00f6ffnung<br>Mag.a Birgit Kulterer, Vertreterin des Kulturamtes<br>DI.in Zeynep Aygan-Romirer, Gemeinder\u00e4tin Gr\u00fcne (Kultur und Wohnen)<br><br>Das k\u00f6stliche Buffet stellen die Bauern und B\u00e4uerinnen des Bauernmarktes Reininghaus dankenswerterweise zur Verf\u00fcgung!<\/p>\n\n\n\n<p>Edda Strobl und Elke Murlasits legen auf!<\/p>\n\n\n\n<figure class=\"wp-block-gallery has-nested-images columns-default is-cropped wp-block-gallery-2 is-layout-flex wp-block-gallery-is-layout-flex\">\n<figure class=\"wp-block-image size-large\"><img loading=\"lazy\" decoding=\"async\" width=\"1024\" height=\"683\" data-id=\"262\" src=\"https:\/\/ginaliebt.mur.at\/wp-content\/uploads\/2022\/06\/Hannes-Zmoelnig_G_EO_MG_1206-1024x683.jpg\" alt=\"\" class=\"wp-image-262\" srcset=\"https:\/\/ginaliebt.mur.at\/wp-content\/uploads\/2022\/06\/Hannes-Zmoelnig_G_EO_MG_1206-1024x683.jpg 1024w, https:\/\/ginaliebt.mur.at\/wp-content\/uploads\/2022\/06\/Hannes-Zmoelnig_G_EO_MG_1206-300x200.jpg 300w, https:\/\/ginaliebt.mur.at\/wp-content\/uploads\/2022\/06\/Hannes-Zmoelnig_G_EO_MG_1206-768x512.jpg 768w, https:\/\/ginaliebt.mur.at\/wp-content\/uploads\/2022\/06\/Hannes-Zmoelnig_G_EO_MG_1206-1536x1024.jpg 1536w, https:\/\/ginaliebt.mur.at\/wp-content\/uploads\/2022\/06\/Hannes-Zmoelnig_G_EO_MG_1206-2048x1365.jpg 2048w\" sizes=\"auto, (max-width: 1024px) 100vw, 1024px\" \/><\/figure>\n\n\n\n<figure class=\"wp-block-image size-large\"><img loading=\"lazy\" decoding=\"async\" width=\"1000\" height=\"667\" data-id=\"259\" src=\"https:\/\/ginaliebt.mur.at\/wp-content\/uploads\/2022\/06\/hannes-zmoelnig_MG_1184.jpg\" alt=\"\" class=\"wp-image-259\" srcset=\"https:\/\/ginaliebt.mur.at\/wp-content\/uploads\/2022\/06\/hannes-zmoelnig_MG_1184.jpg 1000w, https:\/\/ginaliebt.mur.at\/wp-content\/uploads\/2022\/06\/hannes-zmoelnig_MG_1184-300x200.jpg 300w, https:\/\/ginaliebt.mur.at\/wp-content\/uploads\/2022\/06\/hannes-zmoelnig_MG_1184-768x512.jpg 768w\" sizes=\"auto, (max-width: 1000px) 100vw, 1000px\" \/><\/figure>\n\n\n\n<figure class=\"wp-block-image size-large\"><img loading=\"lazy\" decoding=\"async\" width=\"682\" height=\"1024\" data-id=\"265\" src=\"https:\/\/ginaliebt.mur.at\/wp-content\/uploads\/2022\/06\/MG_1194_w-682x1024.jpg\" alt=\"\" class=\"wp-image-265\" srcset=\"https:\/\/ginaliebt.mur.at\/wp-content\/uploads\/2022\/06\/MG_1194_w-682x1024.jpg 682w, https:\/\/ginaliebt.mur.at\/wp-content\/uploads\/2022\/06\/MG_1194_w-200x300.jpg 200w, https:\/\/ginaliebt.mur.at\/wp-content\/uploads\/2022\/06\/MG_1194_w-768x1152.jpg 768w, https:\/\/ginaliebt.mur.at\/wp-content\/uploads\/2022\/06\/MG_1194_w-1024x1536.jpg 1024w, https:\/\/ginaliebt.mur.at\/wp-content\/uploads\/2022\/06\/MG_1194_w.jpg 1333w\" sizes=\"auto, (max-width: 682px) 100vw, 682px\" \/><\/figure>\n\n\n\n<figure class=\"wp-block-image size-large\"><img loading=\"lazy\" decoding=\"async\" width=\"1024\" height=\"683\" data-id=\"263\" src=\"https:\/\/ginaliebt.mur.at\/wp-content\/uploads\/2022\/06\/MG_1175-1024x683.jpg\" alt=\"\" class=\"wp-image-263\" srcset=\"https:\/\/ginaliebt.mur.at\/wp-content\/uploads\/2022\/06\/MG_1175-1024x683.jpg 1024w, https:\/\/ginaliebt.mur.at\/wp-content\/uploads\/2022\/06\/MG_1175-300x200.jpg 300w, https:\/\/ginaliebt.mur.at\/wp-content\/uploads\/2022\/06\/MG_1175-768x512.jpg 768w, https:\/\/ginaliebt.mur.at\/wp-content\/uploads\/2022\/06\/MG_1175-1536x1024.jpg 1536w, https:\/\/ginaliebt.mur.at\/wp-content\/uploads\/2022\/06\/MG_1175-2048x1365.jpg 2048w\" sizes=\"auto, (max-width: 1024px) 100vw, 1024px\" \/><\/figure>\n\n\n\n<figure class=\"wp-block-image size-large\"><img loading=\"lazy\" decoding=\"async\" width=\"1000\" height=\"667\" data-id=\"261\" src=\"https:\/\/ginaliebt.mur.at\/wp-content\/uploads\/2022\/06\/Hannes-Zmoelnig_MG_1158.jpg\" alt=\"\" class=\"wp-image-261\" srcset=\"https:\/\/ginaliebt.mur.at\/wp-content\/uploads\/2022\/06\/Hannes-Zmoelnig_MG_1158.jpg 1000w, https:\/\/ginaliebt.mur.at\/wp-content\/uploads\/2022\/06\/Hannes-Zmoelnig_MG_1158-300x200.jpg 300w, https:\/\/ginaliebt.mur.at\/wp-content\/uploads\/2022\/06\/Hannes-Zmoelnig_MG_1158-768x512.jpg 768w\" sizes=\"auto, (max-width: 1000px) 100vw, 1000px\" \/><\/figure>\n\n\n\n<figure class=\"wp-block-image size-large\"><img loading=\"lazy\" decoding=\"async\" width=\"1024\" height=\"682\" data-id=\"264\" src=\"https:\/\/ginaliebt.mur.at\/wp-content\/uploads\/2022\/06\/W-1024x682.jpg\" alt=\"\" class=\"wp-image-264\" srcset=\"https:\/\/ginaliebt.mur.at\/wp-content\/uploads\/2022\/06\/W-1024x682.jpg 1024w, https:\/\/ginaliebt.mur.at\/wp-content\/uploads\/2022\/06\/W-300x200.jpg 300w, https:\/\/ginaliebt.mur.at\/wp-content\/uploads\/2022\/06\/W-768x512.jpg 768w, https:\/\/ginaliebt.mur.at\/wp-content\/uploads\/2022\/06\/W-1536x1024.jpg 1536w, https:\/\/ginaliebt.mur.at\/wp-content\/uploads\/2022\/06\/W.jpg 2009w\" sizes=\"auto, (max-width: 1024px) 100vw, 1024px\" \/><\/figure>\n\n\n\n<figure class=\"wp-block-image size-large\"><img loading=\"lazy\" decoding=\"async\" width=\"1024\" height=\"682\" data-id=\"266\" src=\"https:\/\/ginaliebt.mur.at\/wp-content\/uploads\/2022\/06\/MG_1180W-1024x682.jpg\" alt=\"\" class=\"wp-image-266\" srcset=\"https:\/\/ginaliebt.mur.at\/wp-content\/uploads\/2022\/06\/MG_1180W-1024x682.jpg 1024w, https:\/\/ginaliebt.mur.at\/wp-content\/uploads\/2022\/06\/MG_1180W-300x200.jpg 300w, https:\/\/ginaliebt.mur.at\/wp-content\/uploads\/2022\/06\/MG_1180W-768x512.jpg 768w, https:\/\/ginaliebt.mur.at\/wp-content\/uploads\/2022\/06\/MG_1180W-1536x1024.jpg 1536w, https:\/\/ginaliebt.mur.at\/wp-content\/uploads\/2022\/06\/MG_1180W.jpg 2000w\" sizes=\"auto, (max-width: 1024px) 100vw, 1024px\" \/><\/figure>\n\n\n\n<figure class=\"wp-block-image size-large\"><img loading=\"lazy\" decoding=\"async\" width=\"1000\" height=\"667\" data-id=\"260\" src=\"https:\/\/ginaliebt.mur.at\/wp-content\/uploads\/2022\/06\/Hannes-Zmoelnig_MG_1163.jpg\" alt=\"\" class=\"wp-image-260\" srcset=\"https:\/\/ginaliebt.mur.at\/wp-content\/uploads\/2022\/06\/Hannes-Zmoelnig_MG_1163.jpg 1000w, https:\/\/ginaliebt.mur.at\/wp-content\/uploads\/2022\/06\/Hannes-Zmoelnig_MG_1163-300x200.jpg 300w, https:\/\/ginaliebt.mur.at\/wp-content\/uploads\/2022\/06\/Hannes-Zmoelnig_MG_1163-768x512.jpg 768w\" sizes=\"auto, (max-width: 1000px) 100vw, 1000px\" \/><\/figure>\n<\/figure>\n\n\n\n<p>FOTOS: Johannes Zm\u00f6lnig<\/p>\n","protected":false},"excerpt":{"rendered":"<p>von nicole pruckermayr realisiert von 2022-2024 an der S\u00fcdfassade der Tennenm\u00e4lzerei in Graz. Ab 2025 rutscht das Herz um die Ecke auf die Westfassade &#8230; FOTO: (C) nicole pruckermayr Eine&hellip;<\/p>\n","protected":false},"author":1,"featured_media":0,"parent":0,"menu_order":0,"comment_status":"closed","ping_status":"closed","template":"","meta":{"footnotes":""},"class_list":["post-173","page","type-page","status-publish","hentry"],"_links":{"self":[{"href":"https:\/\/ginaliebt.mur.at\/index.php\/wp-json\/wp\/v2\/pages\/173","targetHints":{"allow":["GET"]}}],"collection":[{"href":"https:\/\/ginaliebt.mur.at\/index.php\/wp-json\/wp\/v2\/pages"}],"about":[{"href":"https:\/\/ginaliebt.mur.at\/index.php\/wp-json\/wp\/v2\/types\/page"}],"author":[{"embeddable":true,"href":"https:\/\/ginaliebt.mur.at\/index.php\/wp-json\/wp\/v2\/users\/1"}],"replies":[{"embeddable":true,"href":"https:\/\/ginaliebt.mur.at\/index.php\/wp-json\/wp\/v2\/comments?post=173"}],"version-history":[{"count":14,"href":"https:\/\/ginaliebt.mur.at\/index.php\/wp-json\/wp\/v2\/pages\/173\/revisions"}],"predecessor-version":[{"id":309,"href":"https:\/\/ginaliebt.mur.at\/index.php\/wp-json\/wp\/v2\/pages\/173\/revisions\/309"}],"wp:attachment":[{"href":"https:\/\/ginaliebt.mur.at\/index.php\/wp-json\/wp\/v2\/media?parent=173"}],"curies":[{"name":"wp","href":"https:\/\/api.w.org\/{rel}","templated":true}]}}