{"id":16,"date":"2022-06-10T19:23:58","date_gmt":"2022-06-10T19:23:58","guid":{"rendered":"https:\/\/ginaliebt.mur.at\/?page_id=16"},"modified":"2025-05-20T14:31:03","modified_gmt":"2025-05-20T14:31:03","slug":"contact","status":"publish","type":"page","link":"https:\/\/ginaliebt.mur.at\/index.php\/contact\/","title":{"rendered":"KONTAKT \/ IMPRESSUM"},"content":{"rendered":"\n<h4 class=\"wp-block-heading\">F\u00fcr den Inhalt verantwortlich:<\/h4>\n\n\n\n<p>Nicole Pruckermayr<br>Babenbergerstra\u00dfe 7<br>8020 Graz<br>Austria<\/p>\n\n\n\n<p><a href=\"mailto:comradeconrade@umlaeute.mur.at\">nap@umlaeute.mur.at<\/a><br>phone <a href=\"tel:+436505662344\">+43.650.5662344<\/a><\/p>\n\n\n\n<p><\/p>\n\n\n\n<p><strong>Erstfinanzierung durch: ENW \u2013 im Rahmen von Kunst am Bau Reininghaus<\/strong><\/p>\n\n\n\n<p><strong>Im Zuge der Neupositionierung 2025:\u00a0Danke f\u00fcr die Unterst\u00fctzung durch: die Stadtbaudirektion, die Abteilung f\u00fcr Immobilien, die GBG, den Verein Stadtteil Graz Reininghaus. Ca 200 Personen haben mitgearbeitet, ca. 60.000 Knoten sind es nun. M\u00f6ge es dem Stadtteil und den Menschen Gl\u00fcck bringen!<\/strong><\/p>\n\n\n\n<p class=\"has-small-font-size\">DANK an: Alexander Daum | Stadtbaudirektion, Bernd Schrunner, Ingrid Frisch | Firma Telko, Toni Gombocz | Kulturamt Graz | Abteilung f\u00fcr Immobilien, Karl Roschitz | GBG, Karl H\u00f6dl | Ana Jeini\u0107 | off_gallery | Raphael Daum | Johanna Regger | Karin Buol | BDA Steiermark, Christian Brugger | Roman Zagrajsek | Hannes Neumeister | Andreas Trummer | Christiane Resch | Akademie Graz, Astrid Kury | Risograd, Julia Wurzinger, Hanna Stein | Andreas Goritschnig | \u2026 und an unz\u00e4hlige, die mitgemacht haben.<\/p>\n\n\n\n<figure class=\"wp-block-gallery has-nested-images columns-default is-cropped wp-block-gallery-1 is-layout-flex wp-block-gallery-is-layout-flex\">\n<figure class=\"wp-block-image size-large\"><img loading=\"lazy\" decoding=\"async\" width=\"1024\" height=\"683\" data-id=\"198\" src=\"https:\/\/ginaliebt.mur.at\/wp-content\/uploads\/2022\/06\/ginaliebt_010_W-1024x683.jpg\" alt=\"\" class=\"wp-image-198\" srcset=\"https:\/\/ginaliebt.mur.at\/wp-content\/uploads\/2022\/06\/ginaliebt_010_W-1024x683.jpg 1024w, https:\/\/ginaliebt.mur.at\/wp-content\/uploads\/2022\/06\/ginaliebt_010_W-300x200.jpg 300w, https:\/\/ginaliebt.mur.at\/wp-content\/uploads\/2022\/06\/ginaliebt_010_W-768x512.jpg 768w, https:\/\/ginaliebt.mur.at\/wp-content\/uploads\/2022\/06\/ginaliebt_010_W-1536x1025.jpg 1536w, https:\/\/ginaliebt.mur.at\/wp-content\/uploads\/2022\/06\/ginaliebt_010_W.jpg 2000w\" sizes=\"auto, (max-width: 1024px) 100vw, 1024px\" \/><\/figure>\n\n\n\n<figure class=\"wp-block-image size-large\"><img loading=\"lazy\" decoding=\"async\" width=\"1024\" height=\"683\" data-id=\"197\" src=\"https:\/\/ginaliebt.mur.at\/wp-content\/uploads\/2022\/06\/ginaliebt_009_W-1024x683.jpg\" alt=\"\" class=\"wp-image-197\" srcset=\"https:\/\/ginaliebt.mur.at\/wp-content\/uploads\/2022\/06\/ginaliebt_009_W-1024x683.jpg 1024w, https:\/\/ginaliebt.mur.at\/wp-content\/uploads\/2022\/06\/ginaliebt_009_W-300x200.jpg 300w, https:\/\/ginaliebt.mur.at\/wp-content\/uploads\/2022\/06\/ginaliebt_009_W-768x512.jpg 768w, https:\/\/ginaliebt.mur.at\/wp-content\/uploads\/2022\/06\/ginaliebt_009_W-1536x1025.jpg 1536w, https:\/\/ginaliebt.mur.at\/wp-content\/uploads\/2022\/06\/ginaliebt_009_W.jpg 2000w\" sizes=\"auto, (max-width: 1024px) 100vw, 1024px\" \/><\/figure>\n<\/figure>\n\n\n\n<p>FOTOS:(C) nicole pruckermayr<\/p>\n","protected":false},"excerpt":{"rendered":"<p>F\u00fcr den Inhalt verantwortlich: Nicole PruckermayrBabenbergerstra\u00dfe 78020 GrazAustria nap@umlaeute.mur.atphone +43.650.5662344 Erstfinanzierung durch: ENW \u2013 im Rahmen von Kunst am Bau Reininghaus Im Zuge der Neupositionierung 2025:\u00a0Danke f\u00fcr die Unterst\u00fctzung durch:&hellip;<\/p>\n","protected":false},"author":1,"featured_media":0,"parent":0,"menu_order":0,"comment_status":"closed","ping_status":"closed","template":"","meta":{"footnotes":""},"class_list":["post-16","page","type-page","status-publish","hentry"],"_links":{"self":[{"href":"https:\/\/ginaliebt.mur.at\/index.php\/wp-json\/wp\/v2\/pages\/16","targetHints":{"allow":["GET"]}}],"collection":[{"href":"https:\/\/ginaliebt.mur.at\/index.php\/wp-json\/wp\/v2\/pages"}],"about":[{"href":"https:\/\/ginaliebt.mur.at\/index.php\/wp-json\/wp\/v2\/types\/page"}],"author":[{"embeddable":true,"href":"https:\/\/ginaliebt.mur.at\/index.php\/wp-json\/wp\/v2\/users\/1"}],"replies":[{"embeddable":true,"href":"https:\/\/ginaliebt.mur.at\/index.php\/wp-json\/wp\/v2\/comments?post=16"}],"version-history":[{"count":7,"href":"https:\/\/ginaliebt.mur.at\/index.php\/wp-json\/wp\/v2\/pages\/16\/revisions"}],"predecessor-version":[{"id":275,"href":"https:\/\/ginaliebt.mur.at\/index.php\/wp-json\/wp\/v2\/pages\/16\/revisions\/275"}],"wp:attachment":[{"href":"https:\/\/ginaliebt.mur.at\/index.php\/wp-json\/wp\/v2\/media?parent=16"}],"curies":[{"name":"wp","href":"https:\/\/api.w.org\/{rel}","templated":true}]}}