{"id":15,"date":"2022-06-10T19:23:58","date_gmt":"2022-06-10T19:23:58","guid":{"rendered":"https:\/\/ginaliebt.mur.at\/?page_id=15"},"modified":"2025-05-20T18:14:46","modified_gmt":"2025-05-20T18:14:46","slug":"about","status":"publish","type":"page","link":"https:\/\/ginaliebt.mur.at\/index.php\/about\/","title":{"rendered":"ZUM PROJEKT"},"content":{"rendered":"\n<p>von nicole pruckermayr:  &#8230; es bearbeitet die tiefe Liebe, die den gesamten Organismus infiltriert und einnimmt.<\/p>\n\n\n\n<p>In einem mehrteiligen Kunstprojekt entwickle ich zuerst eine Geschichte bestehend aus vielen Geschichten \u00fcber die Liebe. Ein Fanzine-Heft entsteht. In weiterer Folge entseht ein mehrdimensionales Graffiti, ein Wand-Teppich mit Vielen.<\/p>\n\n\n\n<p>Die Liebe umfasst Vieles: sowohl grenzenlose Innigkeit, Lust aber auch immensen Schmerz&#8230; Und dieser Schmerz ist unausweichlich, genau wie die Liebe selbst.<\/p>\n\n\n\n<p>Der Mensch ist auch K\u00f6rper und er ver\u00e4ndert sich mit und durch seine Lieben \u2013 kontinuierlich, so wie die gr\u00f6\u00dfte Baustelle von Graz. Der neu entstehende Stadtteil Reininghaus, mitten in der Stadt Graz, ist eine Operation am lebenden Organismus Graz. Alles neu. Manchmal ziehen die Menschen mit Familien hierher, sehr viele alleine. Die Wohnungsgr\u00f6\u00dfen sind teils auf das Alleinesein optimiert. Was bedeutet Alleinsein, was passiert, wenn man zu zweit alleine ist, welche Verletzungen schafft die Liebe \u2013 k\u00f6rperliche, seelische. Warum sich \u00fcberhaupt auf die Liebe einlassen? Wer hatte noch nie ein gebrochenes Herz?<\/p>\n\n\n\n<p>Allgegenw\u00e4rtig ist das Zeichen f\u00fcr Liebe: das Herz \u2013 das Sch\u00f6ne, das Kitschige, das Nette, das Dynamische, das Oberfl\u00e4chliche, das Echte, &#8230; aber auch das Zeichen f\u00fcr den Schmerz, das Harte, Ruppige, Zerreissende, Maltr\u00e4tierende, \u2026<\/p>\n\n\n\n<p><strong>GINA liebt! ist inspiriert von der gro\u00dfen Liebe zwischen Gina Agujari (1879-1961), Geschiedene von Reininghaus und Franz Conrad von H\u00f6tzendorf (Conrad von H\u00f6tzendorf war Generalstabchef der k. u. k.-Monarchie \u2013 und war wesentlich f\u00fcr den Weg in den Ersten Weltkrieg, die brutale Kriegsf\u00fchrung und \u00dcbergriffe gegen\u00fcber Zivilist:innen mitverantwortlich.)<\/strong><\/p>\n\n\n\n<p><strong>Diese Liebe hat die Eherechtsdebatte in \u00d6sterreich nach dem Ersten Weltkrieg wesentlich mitbestimmt. Liebe kennt kein Wieso.<\/strong><\/p>\n\n\n\n<figure class=\"wp-block-image size-large\"><img loading=\"lazy\" decoding=\"async\" width=\"1024\" height=\"732\" src=\"https:\/\/ginaliebt.mur.at\/wp-content\/uploads\/2025\/05\/20250430-Pruckermayr-GINA-Zachariadis-6402-SCREEN-1-1024x732.jpg\" alt=\"\" class=\"wp-image-289\" srcset=\"https:\/\/ginaliebt.mur.at\/wp-content\/uploads\/2025\/05\/20250430-Pruckermayr-GINA-Zachariadis-6402-SCREEN-1-1024x732.jpg 1024w, https:\/\/ginaliebt.mur.at\/wp-content\/uploads\/2025\/05\/20250430-Pruckermayr-GINA-Zachariadis-6402-SCREEN-1-300x214.jpg 300w, https:\/\/ginaliebt.mur.at\/wp-content\/uploads\/2025\/05\/20250430-Pruckermayr-GINA-Zachariadis-6402-SCREEN-1-768x549.jpg 768w, https:\/\/ginaliebt.mur.at\/wp-content\/uploads\/2025\/05\/20250430-Pruckermayr-GINA-Zachariadis-6402-SCREEN-1-1536x1097.jpg 1536w, https:\/\/ginaliebt.mur.at\/wp-content\/uploads\/2025\/05\/20250430-Pruckermayr-GINA-Zachariadis-6402-SCREEN-1.jpg 2000w\" sizes=\"auto, (max-width: 1024px) 100vw, 1024px\" \/><\/figure>\n\n\n\n<p>Neupositionierung an der Westfassade<\/p>\n\n\n\n<p>Foto: (C) Nikolaos Zachariadis<\/p>\n\n\n\n<p><\/p>\n\n\n\n<hr class=\"wp-block-separator has-alpha-channel-opacity\"\/>\n\n\n\n<p><strong>Erstfinanzierung durch: ENW \u2013 im Rahmen von Kunst am Bau Reininghaus<\/strong><\/p>\n\n\n\n<p><strong>Im Zuge der Neupositionierung 2025:&nbsp;Danke f\u00fcr die Unterst\u00fctzung durch: die Stadtbaudirektion, die Abteilung f\u00fcr Immobilien, die GBG, den Verein Stadtteil Graz Reininghaus. Ca 200 Personen haben mitgearbeitet, ca. 60.000 Knoten sind es nun. M\u00f6ge es dem Stadtteil und den Menschen Gl\u00fcck bringen!<\/strong><\/p>\n\n\n\n<p><\/p>\n","protected":false},"excerpt":{"rendered":"<p>von nicole pruckermayr: &#8230; es bearbeitet die tiefe Liebe, die den gesamten Organismus infiltriert und einnimmt. In einem mehrteiligen Kunstprojekt entwickle ich zuerst eine Geschichte bestehend aus vielen Geschichten \u00fcber&hellip;<\/p>\n","protected":false},"author":1,"featured_media":0,"parent":0,"menu_order":0,"comment_status":"closed","ping_status":"closed","template":"","meta":{"footnotes":""},"class_list":["post-15","page","type-page","status-publish","hentry"],"_links":{"self":[{"href":"https:\/\/ginaliebt.mur.at\/index.php\/wp-json\/wp\/v2\/pages\/15","targetHints":{"allow":["GET"]}}],"collection":[{"href":"https:\/\/ginaliebt.mur.at\/index.php\/wp-json\/wp\/v2\/pages"}],"about":[{"href":"https:\/\/ginaliebt.mur.at\/index.php\/wp-json\/wp\/v2\/types\/page"}],"author":[{"embeddable":true,"href":"https:\/\/ginaliebt.mur.at\/index.php\/wp-json\/wp\/v2\/users\/1"}],"replies":[{"embeddable":true,"href":"https:\/\/ginaliebt.mur.at\/index.php\/wp-json\/wp\/v2\/comments?post=15"}],"version-history":[{"count":13,"href":"https:\/\/ginaliebt.mur.at\/index.php\/wp-json\/wp\/v2\/pages\/15\/revisions"}],"predecessor-version":[{"id":303,"href":"https:\/\/ginaliebt.mur.at\/index.php\/wp-json\/wp\/v2\/pages\/15\/revisions\/303"}],"wp:attachment":[{"href":"https:\/\/ginaliebt.mur.at\/index.php\/wp-json\/wp\/v2\/media?parent=15"}],"curies":[{"name":"wp","href":"https:\/\/api.w.org\/{rel}","templated":true}]}}