{"id":14,"date":"2022-06-10T19:23:57","date_gmt":"2022-06-10T19:23:57","guid":{"rendered":"https:\/\/ginaliebt.mur.at\/?page_id=14"},"modified":"2025-06-15T08:20:59","modified_gmt":"2025-06-15T08:20:59","slug":"gina-liebt-7","status":"publish","type":"page","link":"https:\/\/ginaliebt.mur.at\/","title":{"rendered":"GINA liebt! von nicole pruckermayr"},"content":{"rendered":"\n<figure class=\"wp-block-image size-large is-resized\"><img loading=\"lazy\" decoding=\"async\" width=\"1024\" height=\"614\" src=\"http:\/\/ginaliebt.mur.at\/wp-content\/uploads\/2022\/06\/cropped-cropped-ginaliebtmontage_006-1024x614.jpg\" alt=\"\" class=\"wp-image-45\" srcset=\"https:\/\/ginaliebt.mur.at\/wp-content\/uploads\/2022\/06\/cropped-cropped-ginaliebtmontage_006-1024x614.jpg 1024w, https:\/\/ginaliebt.mur.at\/wp-content\/uploads\/2022\/06\/cropped-cropped-ginaliebtmontage_006-300x180.jpg 300w, https:\/\/ginaliebt.mur.at\/wp-content\/uploads\/2022\/06\/cropped-cropped-ginaliebtmontage_006-768x461.jpg 768w, https:\/\/ginaliebt.mur.at\/wp-content\/uploads\/2022\/06\/cropped-cropped-ginaliebtmontage_006-1536x922.jpg 1536w, https:\/\/ginaliebt.mur.at\/wp-content\/uploads\/2022\/06\/cropped-cropped-ginaliebtmontage_006.jpg 2000w\" sizes=\"auto, (max-width: 1024px) 100vw, 1024px\" \/><figcaption class=\"wp-element-caption\">Foto: (C) Raphael Daum<\/figcaption><\/figure>\n\n\n\n<p><strong><strong>GINA liebt! ist ein soziokulturelles Kunstprojekt von nicole pruckermayr in Reininghaus, Graz.<\/strong><\/strong><\/p>\n\n\n\n<p class=\"has-foreground-color has-white-background-color has-text-color has-background\"><strong>&#8220;GINA liebt!&#8221; bearbeitet die tiefe Liebe, die den gesamten Organismus infiltriert und einnimmt. Die Liebe umfasst vieles: sowohl grenzenlose Innigkeit, Lust, aber auch immensen Schmerz \u2026 Und dieser Schmerz ist unausweichlich, genau wie die Liebe selbst.<\/strong><\/p>\n\n\n\n<p><strong>GINA liebt! &#8230; ist eine kollektive Liebesgeschichte<\/strong>.<\/p>\n\n\n\n<p><strong>GINA liebt! &#8230; ist eine Liebeserkl\u00e4rung, ein hingeworfenes verbeultes Herz an der Wand, ein gemeinsam gekn\u00fcpfter Wand-Teppich<\/strong>.<\/p>\n\n\n\n<p><\/p>\n\n\n\n<p><\/p>\n\n\n\n<p><strong>GINA liebt! ist inspiriert von der gro\u00dfen Liebe zwischen Gina Agujari (1879-1961), Geschiedene von Reininghaus und Franz Conrad von H\u00f6tzendorf (Conrad von H\u00f6tzendorf war Generalstabchef der k. u. k.-Monarchie \u2013 und war wesentlich f\u00fcr den Weg in den Ersten Weltkrieg, die brutale Kriegsf\u00fchrung und \u00dcbergriffe gegen\u00fcber Zivilist:innen mitverantwortlich.) <\/strong><\/p>\n\n\n\n<p><strong>Diese Liebe hat die Eherechtsdebatte in \u00d6sterreich nach dem Ersten Weltkrieg wesentlich mitbestimmt. Liebe kennt kein Wieso. <\/strong><\/p>\n\n\n\n<figure class=\"wp-block-image size-large\"><img loading=\"lazy\" decoding=\"async\" width=\"1024\" height=\"732\" src=\"https:\/\/ginaliebt.mur.at\/wp-content\/uploads\/2025\/05\/20250430-Pruckermayr-GINA-Zachariadis-6402-SCREEN-1024x732.jpg\" alt=\"\" class=\"wp-image-286\" srcset=\"https:\/\/ginaliebt.mur.at\/wp-content\/uploads\/2025\/05\/20250430-Pruckermayr-GINA-Zachariadis-6402-SCREEN-1024x732.jpg 1024w, https:\/\/ginaliebt.mur.at\/wp-content\/uploads\/2025\/05\/20250430-Pruckermayr-GINA-Zachariadis-6402-SCREEN-300x214.jpg 300w, https:\/\/ginaliebt.mur.at\/wp-content\/uploads\/2025\/05\/20250430-Pruckermayr-GINA-Zachariadis-6402-SCREEN-768x549.jpg 768w, https:\/\/ginaliebt.mur.at\/wp-content\/uploads\/2025\/05\/20250430-Pruckermayr-GINA-Zachariadis-6402-SCREEN-1536x1097.jpg 1536w, https:\/\/ginaliebt.mur.at\/wp-content\/uploads\/2025\/05\/20250430-Pruckermayr-GINA-Zachariadis-6402-SCREEN.jpg 2000w\" sizes=\"auto, (max-width: 1024px) 100vw, 1024px\" \/><\/figure>\n\n\n\n<p>Foto: (C) Nikolaos Zachariadis<\/p>\n","protected":false},"excerpt":{"rendered":"<p>GINA liebt! ist ein soziokulturelles Kunstprojekt von nicole pruckermayr in Reininghaus, Graz. &#8220;GINA liebt!&#8221; bearbeitet die tiefe Liebe, die den gesamten Organismus infiltriert und einnimmt. Die Liebe umfasst vieles: sowohl&hellip;<\/p>\n","protected":false},"author":1,"featured_media":0,"parent":0,"menu_order":0,"comment_status":"closed","ping_status":"closed","template":"","meta":{"footnotes":""},"class_list":["post-14","page","type-page","status-publish","hentry"],"_links":{"self":[{"href":"https:\/\/ginaliebt.mur.at\/index.php\/wp-json\/wp\/v2\/pages\/14","targetHints":{"allow":["GET"]}}],"collection":[{"href":"https:\/\/ginaliebt.mur.at\/index.php\/wp-json\/wp\/v2\/pages"}],"about":[{"href":"https:\/\/ginaliebt.mur.at\/index.php\/wp-json\/wp\/v2\/types\/page"}],"author":[{"embeddable":true,"href":"https:\/\/ginaliebt.mur.at\/index.php\/wp-json\/wp\/v2\/users\/1"}],"replies":[{"embeddable":true,"href":"https:\/\/ginaliebt.mur.at\/index.php\/wp-json\/wp\/v2\/comments?post=14"}],"version-history":[{"count":15,"href":"https:\/\/ginaliebt.mur.at\/index.php\/wp-json\/wp\/v2\/pages\/14\/revisions"}],"predecessor-version":[{"id":307,"href":"https:\/\/ginaliebt.mur.at\/index.php\/wp-json\/wp\/v2\/pages\/14\/revisions\/307"}],"wp:attachment":[{"href":"https:\/\/ginaliebt.mur.at\/index.php\/wp-json\/wp\/v2\/media?parent=14"}],"curies":[{"name":"wp","href":"https:\/\/api.w.org\/{rel}","templated":true}]}}